{"id":444,"date":"2022-07-01T11:46:59","date_gmt":"2022-07-01T10:46:59","guid":{"rendered":"https:\/\/setek.iseentestversie.nl\/privacidad-cookies\/"},"modified":"2026-03-10T14:50:27","modified_gmt":"2026-03-10T13:50:27","slug":"privacidad-cookies","status":"publish","type":"page","link":"https:\/\/seteksl.eu\/es\/privacidad-cookies\/","title":{"rendered":"Privacidad\/Cookies"},"content":{"rendered":"\n<h2 class=\"wp-block-heading\" style=\"margin-top:50px\">Privacidad\/Cookies<\/h2>\n\n<p>Datos de contacto:<\/p>\n\n<p>Gestion y Servicios Setek SL<br\/>Iparraguirre 20, 3D<br\/>20305 Irun<br\/>Espa\u00f1a<br\/> <br\/>+3468861418<a href=\"mailto:operations@seteksl.eu\">4<br\/> <br\/>operations@seteksl.<\/a>eu<\/p>\n\n<p><strong>Datos personales que procesamos<\/strong><\/p>\n\n<p>Setek procesa sus datos personales porque usted utiliza nuestros servicios y\/o porque usted mismo nos los proporciona. A continuaci\u00f3n encontrar\u00e1 un resumen de los datos personales que procesamos: <\/p>\n\n<ul class=\"wp-block-list\">\n<li>Nombre y apellidos<\/li>\n\n\n\n<li>Datos de direcci\u00f3n<\/li>\n\n\n\n<li>N\u00famero de tel\u00e9fono<\/li>\n\n\n\n<li>Direcci\u00f3n de correo electr\u00f3nico<\/li>\n<\/ul>\n\n<p><strong>Datos personales especiales y\/o sensibles que procesamos<\/strong><\/p>\n\n<p>Nuestro sitio web y\/o servicio no tiene la intenci\u00f3n de recopilar datos sobre visitantes del sitio web menores de 16 a\u00f1os, a menos que cuenten con el permiso de un padre o tutor. Sin embargo, no podemos verificar si un visitante es mayor de 16 a\u00f1os. Por ello, recomendamos a los padres que se involucren en las actividades en l\u00ednea de sus hijos, para evitar que se recopilen datos sobre menores sin el consentimiento parental. Si usted cree que hemos recopilado datos personales de un menor sin dicho consentimiento, p\u00f3ngase en contacto con nosotros a trav\u00e9s de <a href=\"mailto:operations@seteksl.eu\">operations@seteksl.eu<\/a> y eliminaremos dicha informaci\u00f3n.    <\/p>\n\n<p><strong>Con qu\u00e9 finalidad y sobre qu\u00e9 base procesamos datos personales<\/strong><\/p>\n\n<p>Setek procesa sus datos personales con los siguientes fines:<\/p>\n\n<ul class=\"wp-block-list\">\n<li>Gestionar su pago<\/li>\n\n\n\n<li>Entregarle bienes y servicios<\/li>\n<\/ul>\n\n<p><strong>Cu\u00e1nto tiempo conservamos los datos personales<\/strong><\/p>\n\n<p>Setek no conserva sus datos personales durante m\u00e1s tiempo del estrictamente necesario para cumplir los fines para los que se recopilan sus datos. <\/p>\n\n<p><strong>Compartir datos personales con terceros<\/strong><\/p>\n\n<p>Setek solo proporciona datos a terceros cuando esto es necesario para la ejecuci\u00f3n de nuestro contrato con usted o para cumplir con una obligaci\u00f3n legal.<\/p>\n\n<p><strong>Cookies o tecnolog\u00edas similares que utilizamos<\/strong><\/p>\n\n<p>Setek solo utiliza cookies t\u00e9cnicas y funcionales, as\u00ed como cookies anal\u00edticas que no vulneran su privacidad. Una cookie es un peque\u00f1o archivo de texto que se almacena en su ordenador, tableta o tel\u00e9fono inteligente cuando visita este sitio web por primera vez. Las cookies que utilizamos son necesarias para el funcionamiento t\u00e9cnico del sitio web y para su comodidad de uso. Garantizan que el sitio web funcione correctamente y recuerdan, por ejemplo, sus preferencias de configuraci\u00f3n. Tambi\u00e9n nos permiten optimizar nuestro sitio web. Puede desactivar las cookies configurando su navegador de internet para que deje de almacenarlas. Adem\u00e1s, puede eliminar toda la informaci\u00f3n almacenada previamente a trav\u00e9s de la configuraci\u00f3n de su navegador.       <\/p>\n\n<p><strong>Consultar, modificar o eliminar datos<\/strong><\/p>\n\n<p>Usted tiene derecho a consultar, corregir o eliminar sus datos personales. Adem\u00e1s, tiene derecho a retirar cualquier consentimiento que haya dado para el tratamiento de datos, o a oponerse al tratamiento de sus datos personales por parte de Setek, y tiene derecho a la portabilidad de datos. Esto significa que puede enviarnos una solicitud para que le remitamos los datos personales que tenemos sobre usted en un archivo digital, a usted o a otra organizaci\u00f3n de su elecci\u00f3n. Puede enviar una solicitud de acceso, correcci\u00f3n, eliminaci\u00f3n, transferencia de datos, retirada de consentimiento u objeci\u00f3n al tratamiento de sus datos personales a <a href=\"mailto:operations@seteksl.eu\">operations@seteksl.eu<\/a>. Para asegurarnos de que la solicitud de acceso ha sido realizada por usted, le pedimos que adjunte una copia de su documento de identidad junto con la solicitud. En dicha copia, oculte su fotograf\u00eda, la MRZ (zona de lectura mec\u00e1nica, la franja de n\u00fameros en la parte inferior del pasaporte), el n\u00famero de pasaporte y el n\u00famero de servicio al ciudadano (BSN). Esto es para proteger su privacidad. Responderemos a su solicitud lo antes posible, pero dentro de un plazo de cuatro semanas. Setek tambi\u00e9n desea informarle de que tiene la posibilidad de presentar una reclamaci\u00f3n ante la autoridad supervisora nacional, la Autoridad Neerlandesa de Protecci\u00f3n de Datos (Autoriteit Persoonsgegevens). Puede hacerlo a trav\u00e9s del siguiente enlace: <a href=\"https:\/\/autoriteitpersoonsgegevens.nl\/nl\/contact-met-de-autoriteit-persoonsgegevens\/tip-ons\" class=\"\">https:\/\/autoriteitpersoonsgegevens.nl\/nl\/contact-met-de-autoriteit-persoonsgegevens\/tip-ons<\/a>         <\/p>\n\n<p><strong>C\u00f3mo protegemos los datos personales<\/strong><\/p>\n\n<p>Setek se toma en serio la protecci\u00f3n de sus datos y aplica las medidas adecuadas para prevenir el uso indebido, la p\u00e9rdida, el acceso no autorizado, la divulgaci\u00f3n no deseada y la modificaci\u00f3n no autorizada. Si tiene la impresi\u00f3n de que sus datos no est\u00e1n debidamente protegidos o existen indicios de uso indebido, p\u00f3ngase en contacto con nuestro servicio de atenci\u00f3n al cliente o a trav\u00e9s de <a href=\"mailto:operations@seteksl.eu\">operations@seteksl.eu<\/a>. <\/p>\n\n<p><\/p>\n","protected":false},"excerpt":{"rendered":"<p>Privacidad\/Cookies Datos de contacto: Gestion y Servicios Setek SLIparraguirre 20, 3D20305 IrunEspa\u00f1a +34688614184 operations@seteksl.eu Datos personales que procesamos Setek procesa sus datos personales porque usted utiliza nuestros servicios y\/o porque usted mismo nos los proporciona. A continuaci\u00f3n encontrar\u00e1 un resumen de los datos personales que procesamos: Datos personales especiales y\/o sensibles que procesamos Nuestro sitio [&hellip;]<\/p>\n","protected":false},"author":1,"featured_media":445,"parent":0,"menu_order":0,"comment_status":"closed","ping_status":"closed","template":"","meta":{"inline_featured_image":false,"footnotes":""},"class_list":["post-444","page","type-page","status-publish","has-post-thumbnail","hentry"],"_links":{"self":[{"href":"https:\/\/seteksl.eu\/es\/wp-json\/wp\/v2\/pages\/444","targetHints":{"allow":["GET"]}}],"collection":[{"href":"https:\/\/seteksl.eu\/es\/wp-json\/wp\/v2\/pages"}],"about":[{"href":"https:\/\/seteksl.eu\/es\/wp-json\/wp\/v2\/types\/page"}],"author":[{"embeddable":true,"href":"https:\/\/seteksl.eu\/es\/wp-json\/wp\/v2\/users\/1"}],"replies":[{"embeddable":true,"href":"https:\/\/seteksl.eu\/es\/wp-json\/wp\/v2\/comments?post=444"}],"version-history":[{"count":1,"href":"https:\/\/seteksl.eu\/es\/wp-json\/wp\/v2\/pages\/444\/revisions"}],"predecessor-version":[{"id":446,"href":"https:\/\/seteksl.eu\/es\/wp-json\/wp\/v2\/pages\/444\/revisions\/446"}],"wp:featuredmedia":[{"embeddable":true,"href":"https:\/\/seteksl.eu\/es\/wp-json\/wp\/v2\/media\/445"}],"wp:attachment":[{"href":"https:\/\/seteksl.eu\/es\/wp-json\/wp\/v2\/media?parent=444"}],"curies":[{"name":"wp","href":"https:\/\/api.w.org\/{rel}","templated":true}]}}