{"id":442,"date":"2025-02-13T16:11:59","date_gmt":"2025-02-13T15:11:59","guid":{"rendered":"https:\/\/setek.iseentestversie.nl\/portal-de-clientes\/"},"modified":"2026-03-10T14:45:11","modified_gmt":"2026-03-10T13:45:11","slug":"portal-de-clientes","status":"publish","type":"page","link":"https:\/\/seteksl.eu\/es\/portal-de-clientes\/","title":{"rendered":"Portal de Clientes"},"content":{"rendered":"\n<h2 class=\"wp-block-heading\">Portal de Clientes<\/h2>\n\n<p>Inicie sesi\u00f3n en nuestro portal de clientes para consultar actualizaciones de estado globales, documentos CMR\/POD y facturas.<br\/>Para obtener acceso, debe facilitarnos su direcci\u00f3n de correo electr\u00f3nico con antelaci\u00f3n.<br\/>Iniciar sesi\u00f3n en el portal:<\/p>\n\n<ul class=\"wp-block-list\">\n<li>Vaya a este sitio web: *link volgt*<\/li>\n\n\n\n<li>En el primer uso, haga clic en \u00abCreate new password\u00bb. A continuaci\u00f3n, recibir\u00e1 un correo electr\u00f3nico con su contrase\u00f1a. Gu\u00e1rdela en un lugar seguro, ya que tambi\u00e9n la necesitar\u00e1 para iniciar sesi\u00f3n en el futuro.  <\/li>\n\n\n\n<li>Si olvida su contrase\u00f1a, puede establecer una nueva de la misma manera. Inicie sesi\u00f3n con su direcci\u00f3n de correo electr\u00f3nico y su contrase\u00f1a.<\/li>\n\n\n\n<li>Si un usuario ya no debe tener acceso a estos datos, h\u00e1ganoslo saber. Nos encargaremos de revocar el acceso.<\/li>\n<\/ul>\n\n<p>Si un usuario ya no debe tener acceso a estos datos, h\u00e1ganoslo saber. Nos encargaremos de revocar el acceso.<br\/>Si tiene alguna pregunta o necesita ayuda, no dude en ponerse en contacto con nosotros. Estaremos encantados de ayudarle: <a href=\"mailto:operations@seteksl.eu\" data-type=\"page\" data-id=\"2\">operations@seteksl.eu<\/a>  <\/p>\n","protected":false},"excerpt":{"rendered":"<p>Portal de Clientes Inicie sesi\u00f3n en nuestro portal de clientes para consultar actualizaciones de estado globales, documentos CMR\/POD y facturas.Para obtener acceso, debe facilitarnos su direcci\u00f3n de correo electr\u00f3nico con antelaci\u00f3n.Iniciar sesi\u00f3n en el portal: Si un usuario ya no debe tener acceso a estos datos, h\u00e1ganoslo saber. Nos encargaremos de revocar el acceso.Si tiene [&hellip;]<\/p>\n","protected":false},"author":1,"featured_media":0,"parent":0,"menu_order":0,"comment_status":"closed","ping_status":"closed","template":"","meta":{"inline_featured_image":false,"footnotes":""},"class_list":["post-442","page","type-page","status-publish","hentry"],"_links":{"self":[{"href":"https:\/\/seteksl.eu\/es\/wp-json\/wp\/v2\/pages\/442","targetHints":{"allow":["GET"]}}],"collection":[{"href":"https:\/\/seteksl.eu\/es\/wp-json\/wp\/v2\/pages"}],"about":[{"href":"https:\/\/seteksl.eu\/es\/wp-json\/wp\/v2\/types\/page"}],"author":[{"embeddable":true,"href":"https:\/\/seteksl.eu\/es\/wp-json\/wp\/v2\/users\/1"}],"replies":[{"embeddable":true,"href":"https:\/\/seteksl.eu\/es\/wp-json\/wp\/v2\/comments?post=442"}],"version-history":[{"count":1,"href":"https:\/\/seteksl.eu\/es\/wp-json\/wp\/v2\/pages\/442\/revisions"}],"predecessor-version":[{"id":443,"href":"https:\/\/seteksl.eu\/es\/wp-json\/wp\/v2\/pages\/442\/revisions\/443"}],"wp:attachment":[{"href":"https:\/\/seteksl.eu\/es\/wp-json\/wp\/v2\/media?parent=442"}],"curies":[{"name":"wp","href":"https:\/\/api.w.org\/{rel}","templated":true}]}}