{"id":440,"date":"2022-04-22T13:27:31","date_gmt":"2022-04-22T12:27:31","guid":{"rendered":"https:\/\/setek.iseentestversie.nl\/servicios\/"},"modified":"2026-03-11T14:49:08","modified_gmt":"2026-03-11T13:49:08","slug":"servicios","status":"publish","type":"page","link":"https:\/\/seteksl.eu\/es\/servicios\/","title":{"rendered":"Servicios"},"content":{"rendered":"\n<div class=\"wp-block-cover alignfull is-light nomargin\" style=\"min-height:556px;aspect-ratio:unset;\"><img loading=\"lazy\" decoding=\"async\" width=\"1920\" height=\"812\" class=\"wp-block-cover__image-background wp-image-16\" alt=\"\" src=\"https:\/\/setek.iseentestversie.nl\/wp-content\/uploads\/2022\/04\/hero_image_diensten.jpg\" style=\"object-position:41% 40%\" data-object-fit=\"cover\" data-object-position=\"41% 40%\" srcset=\"https:\/\/seteksl.eu\/wp-content\/uploads\/2022\/04\/hero_image_diensten.jpg 1920w, https:\/\/seteksl.eu\/wp-content\/uploads\/2022\/04\/hero_image_diensten-300x127.jpg 300w, https:\/\/seteksl.eu\/wp-content\/uploads\/2022\/04\/hero_image_diensten-1024x433.jpg 1024w, https:\/\/seteksl.eu\/wp-content\/uploads\/2022\/04\/hero_image_diensten-768x325.jpg 768w, https:\/\/seteksl.eu\/wp-content\/uploads\/2022\/04\/hero_image_diensten-1536x650.jpg 1536w\" sizes=\"auto, (max-width: 1920px) 100vw, 1920px\" \/><span aria-hidden=\"true\" class=\"wp-block-cover__background has-background-dim-0 has-background-dim\"><\/span><div class=\"wp-block-cover__inner-container is-layout-flow wp-block-cover-is-layout-flow\">\n<h2 class=\"wp-block-heading has-background-color has-text-color\"><em>Entregas urgentes reportadas en tiempo real<\/em><\/h2>\n<\/div><\/div>\n\n<div class=\"wp-block-columns is-layout-flex wp-container-core-columns-is-layout-28f84493 wp-block-columns-is-layout-flex\">\n<div class=\"wp-block-column is-layout-flow wp-block-column-is-layout-flow\">\n<h2 class=\"wp-block-heading\">Setek ofrece transporte a medida<\/h2>\n\n\n\n<p>Entregas urgentes en los Pa\u00edses Bajos, Europa y el Reino Unido, con:<\/p>\n\n\n\n<figure class=\"wp-block-table\"><table><tbody><tr><td>Furgonetas de gran capacidad<\/td><td>(m\u00e1x. 5 europal\u00e9s, 1.100 kg)<\/td><\/tr><tr><td>Carrozados con lona corredera<\/td><td>(m\u00e1x. 8 europal\u00e9s, 950 kg)<\/td><\/tr><tr><td>Minitiu-res de 7,5 toneladas<\/td><td> (m\u00e1x. 16 europal\u00e9s, 3.000 kg)<\/td><\/tr><\/tbody><\/table><\/figure>\n\n\n\n<h2 class=\"wp-block-heading\">Red europea<\/h2>\n\n\n\n<p>Nos esforzamos por cargar cada pedido en un plazo de 3 horas tras la confirmaci\u00f3n, en toda Europa y el Reino Unido. Transporte frigor\u00edfico y ADR disponibles bajo petici\u00f3n.<\/p>\n\n\n\n<h2 class=\"wp-block-heading\">Orientados al servicio, tarifas competitivas<\/h2>\n\n\n\n<p>Dado que cada env\u00edo requiere un enfoque diferente, no ofrecemos tarifas est\u00e1ndar.<\/p>\n\n\n\n<h2 class=\"wp-block-heading red has-x-large-font-size\">+31 (0)6 3473 5967<br\/>+34 6886 141 84<\/h2>\n<\/div>\n\n\n\n<div class=\"wp-block-column is-layout-flow wp-block-column-is-layout-flow\">\n<figure class=\"wp-block-image size-full\"><img loading=\"lazy\" decoding=\"async\" width=\"600\" height=\"600\" src=\"https:\/\/setek.iseentestversie.nl\/wp-content\/uploads\/2022\/04\/image_diensten_trucks_trans-1.png\" alt=\"\" class=\"wp-image-147\" srcset=\"https:\/\/seteksl.eu\/wp-content\/uploads\/2022\/04\/image_diensten_trucks_trans-1.png 600w, https:\/\/seteksl.eu\/wp-content\/uploads\/2022\/04\/image_diensten_trucks_trans-1-300x300.png 300w, https:\/\/seteksl.eu\/wp-content\/uploads\/2022\/04\/image_diensten_trucks_trans-1-150x150.png 150w\" sizes=\"auto, (max-width: 600px) 100vw, 600px\" \/><figcaption class=\"wp-element-caption\"><em>Lo que s\u00ed ofrecemos son presupuestos detallados y anticipados con las tarifas de env\u00edo m\u00e1s econ\u00f3micas.<\/em><\/figcaption><\/figure>\n<\/div>\n<\/div>\n","protected":false},"excerpt":{"rendered":"<p>Setek ofrece transporte a medida Entregas urgentes en los Pa\u00edses Bajos, Europa y el Reino Unido, con: Furgonetas de gran capacidad (m\u00e1x. 5 europal\u00e9s, 1.100 kg) Carrozados con lona corredera (m\u00e1x. 8 europal\u00e9s, 950 kg) Minitiu-res de 7,5 toneladas (m\u00e1x. 16 europal\u00e9s, 3.000 kg) Red europea Nos esforzamos por cargar cada pedido en un plazo [&hellip;]<\/p>\n","protected":false},"author":1,"featured_media":0,"parent":0,"menu_order":0,"comment_status":"closed","ping_status":"closed","template":"","meta":{"inline_featured_image":false,"footnotes":""},"class_list":["post-440","page","type-page","status-publish","hentry"],"_links":{"self":[{"href":"https:\/\/seteksl.eu\/es\/wp-json\/wp\/v2\/pages\/440","targetHints":{"allow":["GET"]}}],"collection":[{"href":"https:\/\/seteksl.eu\/es\/wp-json\/wp\/v2\/pages"}],"about":[{"href":"https:\/\/seteksl.eu\/es\/wp-json\/wp\/v2\/types\/page"}],"author":[{"embeddable":true,"href":"https:\/\/seteksl.eu\/es\/wp-json\/wp\/v2\/users\/1"}],"replies":[{"embeddable":true,"href":"https:\/\/seteksl.eu\/es\/wp-json\/wp\/v2\/comments?post=440"}],"version-history":[{"count":2,"href":"https:\/\/seteksl.eu\/es\/wp-json\/wp\/v2\/pages\/440\/revisions"}],"predecessor-version":[{"id":479,"href":"https:\/\/seteksl.eu\/es\/wp-json\/wp\/v2\/pages\/440\/revisions\/479"}],"wp:attachment":[{"href":"https:\/\/seteksl.eu\/es\/wp-json\/wp\/v2\/media?parent=440"}],"curies":[{"name":"wp","href":"https:\/\/api.w.org\/{rel}","templated":true}]}}