{"id":438,"date":"2022-04-22T13:11:30","date_gmt":"2022-04-22T12:11:30","guid":{"rendered":"https:\/\/setek.iseentestversie.nl\/sobre-nosotros\/"},"modified":"2026-03-13T09:39:16","modified_gmt":"2026-03-13T08:39:16","slug":"sobre-nosotros","status":"publish","type":"page","link":"https:\/\/seteksl.eu\/es\/sobre-nosotros\/","title":{"rendered":"Sobre nosotros"},"content":{"rendered":"\n<div class=\"wp-block-cover alignfull is-light nomargin\" style=\"min-height:565px;aspect-ratio:unset;\"><img loading=\"lazy\" decoding=\"async\" width=\"1920\" height=\"1275\" class=\"wp-block-cover__image-background wp-image-18\" alt=\"\" src=\"https:\/\/setek.iseentestversie.nl\/wp-content\/uploads\/2022\/04\/hero_image_over_ons.jpg\" style=\"object-position:52% 38%\" data-object-fit=\"cover\" data-object-position=\"52% 38%\" srcset=\"https:\/\/seteksl.eu\/wp-content\/uploads\/2022\/04\/hero_image_over_ons.jpg 1920w, https:\/\/seteksl.eu\/wp-content\/uploads\/2022\/04\/hero_image_over_ons-300x199.jpg 300w, https:\/\/seteksl.eu\/wp-content\/uploads\/2022\/04\/hero_image_over_ons-1024x680.jpg 1024w, https:\/\/seteksl.eu\/wp-content\/uploads\/2022\/04\/hero_image_over_ons-768x510.jpg 768w, https:\/\/seteksl.eu\/wp-content\/uploads\/2022\/04\/hero_image_over_ons-1536x1020.jpg 1536w\" sizes=\"auto, (max-width: 1920px) 100vw, 1920px\" \/><span aria-hidden=\"true\" class=\"wp-block-cover__background has-background-dim-0 has-background-dim\"><\/span><div class=\"wp-block-cover__inner-container is-layout-flow wp-block-cover-is-layout-flow\">\n<h2 class=\"wp-block-heading has-background-color has-text-color\"><em>No somos un transitario cualquiera<\/em><\/h2>\n<\/div><\/div>\n\n\n\n<div class=\"wp-block-columns is-layout-flex wp-container-core-columns-is-layout-28f84493 wp-block-columns-is-layout-flex\">\n<div class=\"wp-block-column is-layout-flow wp-block-column-is-layout-flow\">\n<h2 class=\"wp-block-heading\">Contacto personal con nuestros profesionales<\/h2>\n\n\n\n<p>Sus env\u00edos son supervisados por profesionales dedicados y experimentados. Nuestro enfoque personal garantiza un transporte fiable, discreto y sin preocupaciones.<\/p>\n\n\n\n<h2 class=\"wp-block-heading\">\u00a1Sabemos c\u00f3mo hacerlo!<\/h2>\n\n\n\n<p>Conocemos las circunstancias locales, las rutas m\u00e1s econ\u00f3micas y las \u00e1reas de descanso seguras en toda Europa. Esto nos permite ofrecer un transporte eficiente y seguro hasta el m\u00e1s m\u00ednimo detalle. Desde esa pieza de repuesto crucial hasta la reposici\u00f3n de stock de \u00faltima hora: sus mercanc\u00edas est\u00e1n en buenas manos.<\/p>\n\n\n\n<h2 class=\"wp-block-heading\">Servicio personalizado<\/h2>\n\n\n\n<p>Como especialistas en transporte urgente y FTL, ofrecemos un servicio excepcional a una amplia cartera de clientes. Si desea saber qu\u00e9 podemos hacer por su organizaci\u00f3n, ll\u00e1menos al:<\/p>\n\n\n\n<h2 class=\"wp-block-heading red has-x-large-font-size\">+31 (0)6 3473 5967<br>+34 6886 141 84<\/h2>\n<\/div>\n\n\n\n<div class=\"wp-block-column is-layout-flow wp-block-column-is-layout-flow\">\n<figure class=\"wp-block-image size-large rounded\"><img loading=\"lazy\" decoding=\"async\" width=\"1024\" height=\"673\" src=\"https:\/\/setek.iseentestversie.nl\/wp-content\/uploads\/2022\/04\/image_over_ons_white-van-1024x673.jpg\" alt=\"\" class=\"wp-image-17\" srcset=\"https:\/\/seteksl.eu\/wp-content\/uploads\/2022\/04\/image_over_ons_white-van-1024x673.jpg 1024w, https:\/\/seteksl.eu\/wp-content\/uploads\/2022\/04\/image_over_ons_white-van-300x197.jpg 300w, https:\/\/seteksl.eu\/wp-content\/uploads\/2022\/04\/image_over_ons_white-van-768x505.jpg 768w, https:\/\/seteksl.eu\/wp-content\/uploads\/2022\/04\/image_over_ons_white-van.jpg 1163w\" sizes=\"auto, (max-width: 1024px) 100vw, 1024px\" \/><figcaption class=\"wp-element-caption\"><em><em>Su carga est\u00e1 en manos seguras. Desde el momento de la reserva hasta la entrega en destino.<\/em><\/em><\/figcaption><\/figure>\n<\/div>\n<\/div>\n","protected":false},"excerpt":{"rendered":"<p>Contacto personal con nuestros profesionales Sus env\u00edos son supervisados por profesionales dedicados y experimentados. Nuestro enfoque personal garantiza un transporte fiable, discreto y sin preocupaciones. \u00a1Sabemos c\u00f3mo hacerlo! Conocemos las circunstancias locales, las rutas m\u00e1s econ\u00f3micas y las \u00e1reas de descanso seguras en toda Europa. Esto nos permite ofrecer un transporte eficiente y seguro hasta [&hellip;]<\/p>\n","protected":false},"author":1,"featured_media":0,"parent":0,"menu_order":0,"comment_status":"closed","ping_status":"closed","template":"","meta":{"inline_featured_image":false,"footnotes":""},"class_list":["post-438","page","type-page","status-publish","hentry"],"_links":{"self":[{"href":"https:\/\/seteksl.eu\/es\/wp-json\/wp\/v2\/pages\/438","targetHints":{"allow":["GET"]}}],"collection":[{"href":"https:\/\/seteksl.eu\/es\/wp-json\/wp\/v2\/pages"}],"about":[{"href":"https:\/\/seteksl.eu\/es\/wp-json\/wp\/v2\/types\/page"}],"author":[{"embeddable":true,"href":"https:\/\/seteksl.eu\/es\/wp-json\/wp\/v2\/users\/1"}],"replies":[{"embeddable":true,"href":"https:\/\/seteksl.eu\/es\/wp-json\/wp\/v2\/comments?post=438"}],"version-history":[{"count":2,"href":"https:\/\/seteksl.eu\/es\/wp-json\/wp\/v2\/pages\/438\/revisions"}],"predecessor-version":[{"id":500,"href":"https:\/\/seteksl.eu\/es\/wp-json\/wp\/v2\/pages\/438\/revisions\/500"}],"wp:attachment":[{"href":"https:\/\/seteksl.eu\/es\/wp-json\/wp\/v2\/media?parent=438"}],"curies":[{"name":"wp","href":"https:\/\/api.w.org\/{rel}","templated":true}]}}