{"id":435,"date":"2022-05-01T18:16:36","date_gmt":"2022-05-01T16:16:36","guid":{"rendered":"https:\/\/setek.iseentestversie.nl\/inicio\/"},"modified":"2026-03-13T10:00:24","modified_gmt":"2026-03-13T09:00:24","slug":"inicio","status":"publish","type":"page","link":"https:\/\/seteksl.eu\/es\/","title":{"rendered":"Inicio"},"content":{"rendered":"\n<div class=\"wp-block-cover alignfull nomargin\" style=\"min-height:556px;aspect-ratio:unset;\"><img loading=\"lazy\" decoding=\"async\" width=\"1024\" height=\"640\" class=\"wp-block-cover__image-background wp-image-19 size-large\" alt=\"\" src=\"https:\/\/seteksl.eu\/wp-content\/uploads\/2022\/04\/hero_image_index_bestelwagen-1024x640.png\" data-object-fit=\"cover\" srcset=\"https:\/\/seteksl.eu\/wp-content\/uploads\/2022\/04\/hero_image_index_bestelwagen-1024x640.png 1024w, https:\/\/seteksl.eu\/wp-content\/uploads\/2022\/04\/hero_image_index_bestelwagen-300x188.png 300w, https:\/\/seteksl.eu\/wp-content\/uploads\/2022\/04\/hero_image_index_bestelwagen-768x480.png 768w, https:\/\/seteksl.eu\/wp-content\/uploads\/2022\/04\/hero_image_index_bestelwagen-1536x960.png 1536w, https:\/\/seteksl.eu\/wp-content\/uploads\/2022\/04\/hero_image_index_bestelwagen.png 1920w\" sizes=\"auto, (max-width: 1024px) 100vw, 1024px\" \/><span aria-hidden=\"true\" class=\"wp-block-cover__background has-background-dim-0 has-background-dim\" style=\"background-color:#5e5f73\"><\/span><div class=\"wp-block-cover__inner-container is-layout-flow wp-block-cover-is-layout-flow\">\n<h2 class=\"wp-block-heading\"><em>Eficiencia a gran velocidad<\/em><\/h2>\n<\/div><\/div>\n\n<div class=\"wp-block-columns is-layout-flex wp-container-core-columns-is-layout-28f84493 wp-block-columns-is-layout-flex\">\n<div class=\"wp-block-column is-layout-flow wp-block-column-is-layout-flow\">\n<figure class=\"wp-block-image aligncenter size-large is-resized logo-in-tekst\"><img decoding=\"async\" src=\"https:\/\/seteksl.eu\/wp-content\/uploads\/2026\/03\/logo_setek_main-cropped.svg\" alt=\"\" class=\"wp-image-396\" style=\"width:288px;height:151px\"\/><\/figure>\n\n\n\n<p><\/p>\n\n\n\n<h2 class=\"wp-block-heading has-text-align-center red has-x-large-font-size\">+31 (0)6 3473 5967<br\/>+34 6886 141 84<\/h2>\n<\/div>\n\n\n\n<div class=\"wp-block-column is-layout-flow wp-block-column-is-layout-flow\">\n<h2 class=\"wp-block-heading\">Setek es un proveedor integral de:<\/h2>\n\n\n\n<ul class=\"wp-block-list\">\n<li>Transporte urgente europeo en vehiculos dedicados<\/li>\n\n\n\n<li>Tanto FTL (Carga Completa) como LTL (Carga Parcial)<\/li>\n\n\n\n<li>Env\u00edos que requieren cuidado y atenci\u00f3n especiales.<\/li>\n<\/ul>\n\n\n\n<p>\u00bfLe interesa saber qu\u00e9 podemos hacer por su organizaci\u00f3n?<br\/>Pongae en contacto ahora mismo.<\/p>\n<\/div>\n<\/div>\n\n<div class=\"wp-block-columns column-4 is-layout-flex wp-container-core-columns-is-layout-28f84493 wp-block-columns-is-layout-flex\">\n<div class=\"wp-block-column is-layout-flow wp-block-column-is-layout-flow\">\n<figure class=\"wp-block-image aligncenter size-large is-resized\"><img decoding=\"async\" src=\"https:\/\/seteksl.eu\/wp-content\/uploads\/2022\/04\/icon_panel_road.svg\" alt=\"\" class=\"wp-image-41\" style=\"width:61px;height:38px\"\/><\/figure>\n\n\n\n<h2 class=\"wp-block-heading has-text-align-center\">Alta calidad y versatilidad.<\/h2>\n\n\n\n<p class=\"has-text-align-center\">Desde el coraz\u00f3n log\u00edstico de Europa, Setek ofrece transporte por carretera de alta calidad y gran versatilidad.<\/p>\n<\/div>\n\n\n\n<div class=\"wp-block-column is-layout-flow wp-block-column-is-layout-flow\">\n<figure class=\"wp-block-image aligncenter size-large is-resized\"><img decoding=\"async\" src=\"https:\/\/seteksl.eu\/wp-content\/uploads\/2022\/04\/icon_panel_chain.svg\" alt=\"\" class=\"wp-image-42\" style=\"width:49px;height:38px\"\/><\/figure>\n\n\n\n<h2 class=\"wp-block-heading has-text-align-center\">El eslab\u00f3n esencial en su cadena log\u00edstica.<\/h2>\n\n\n\n<p class=\"has-text-align-center\">Setek es un eslab\u00f3n indispensable en los procesos log\u00edsticos de fabricantes, distribuidores y mayoristas de diversos sectores.<\/p>\n<\/div>\n\n\n\n<div class=\"wp-block-column is-layout-flow wp-block-column-is-layout-flow\">\n<figure class=\"wp-block-image aligncenter size-large is-resized\"><img decoding=\"async\" src=\"https:\/\/seteksl.eu\/wp-content\/uploads\/2022\/04\/icon_panel_europe.svg\" alt=\"\" class=\"wp-image-39\" style=\"width:38px;height:38px\"\/><\/figure>\n\n\n\n<h2 class=\"wp-block-heading has-text-align-center\">Transporte a medida<br\/>por toda Europa.<\/h2>\n\n\n\n<p class=\"has-text-align-center\">Gracias a nuestra depurada red de distribuci\u00f3n europea, cada env\u00edo es tratado como un encargo personalizado por nuestros profesionales.<\/p>\n<\/div>\n\n\n\n<div class=\"wp-block-column is-layout-flow wp-block-column-is-layout-flow\">\n<figure class=\"wp-block-image aligncenter size-large is-resized\"><img decoding=\"async\" src=\"https:\/\/seteksl.eu\/wp-content\/uploads\/2022\/04\/icon_panel_clock.svg\" alt=\"\" class=\"wp-image-40\" style=\"width:38px;height:38px\"\/><\/figure>\n\n\n\n<h2 class=\"wp-block-heading has-text-align-center\">R\u00e1pido y seguro<br\/>24\/7.<\/h2>\n\n\n\n<p class=\"has-text-align-center\">Entregas ultrarr\u00e1pidas, supervisadas de puerta a puerta. Los 7 d\u00edas de la semana, las 24 horas del d\u00eda. <\/p>\n<\/div>\n<\/div>\n\n<div class=\"wp-block-columns logos-home is-layout-flex wp-container-core-columns-is-layout-28f84493 wp-block-columns-is-layout-flex\">\n<div class=\"wp-block-column is-layout-flow wp-block-column-is-layout-flow\">\n<p class=\"has-text-align-right\"><strong>Miembro de:<\/strong><\/p>\n\n\n\n<p class=\"has-text-align-right aangesloten-logos\"><img loading=\"lazy\" decoding=\"async\" width=\"60\" height=\"38\" class=\"wp-image-57\" style=\"width: 60px;\" src=\"https:\/\/setek.iseentestversie.nl\/wp-content\/uploads\/2022\/04\/tln_logo.png\" alt=\"\" srcset=\"https:\/\/seteksl.eu\/wp-content\/uploads\/2022\/04\/tln_logo.png 465w, https:\/\/seteksl.eu\/wp-content\/uploads\/2022\/04\/tln_logo-300x188.png 300w\" sizes=\"auto, (max-width: 60px) 100vw, 60px\" \/><img loading=\"lazy\" decoding=\"async\" width=\"100\" height=\"18\" class=\"wp-image-58\" style=\"width: 100px;\" src=\"https:\/\/setek.iseentestversie.nl\/wp-content\/uploads\/2022\/04\/fenex-logo.png\" alt=\"\" srcset=\"https:\/\/seteksl.eu\/wp-content\/uploads\/2022\/04\/fenex-logo.png 997w, https:\/\/seteksl.eu\/wp-content\/uploads\/2022\/04\/fenex-logo-300x54.png 300w, https:\/\/seteksl.eu\/wp-content\/uploads\/2022\/04\/fenex-logo-768x138.png 768w\" sizes=\"auto, (max-width: 100px) 100vw, 100px\" \/><\/p>\n<\/div>\n\n\n\n<div class=\"wp-block-column is-layout-flow wp-block-column-is-layout-flow\">\n<figure class=\"wp-block-image size-large is-resized\"><img loading=\"lazy\" decoding=\"async\" width=\"1024\" height=\"471\" src=\"https:\/\/seteksl.eu\/wp-content\/uploads\/2022\/06\/logo_ISO_zww-1024x471.png\" alt=\"\" class=\"wp-image-279\" style=\"width:233px;height:106px\" srcset=\"https:\/\/seteksl.eu\/wp-content\/uploads\/2022\/06\/logo_ISO_zww-1024x471.png 1024w, https:\/\/seteksl.eu\/wp-content\/uploads\/2022\/06\/logo_ISO_zww-300x138.png 300w, https:\/\/seteksl.eu\/wp-content\/uploads\/2022\/06\/logo_ISO_zww-768x353.png 768w, https:\/\/seteksl.eu\/wp-content\/uploads\/2022\/06\/logo_ISO_zww-1536x706.png 1536w, https:\/\/seteksl.eu\/wp-content\/uploads\/2022\/06\/logo_ISO_zww.png 1736w\" sizes=\"auto, (max-width: 1024px) 100vw, 1024px\" \/><\/figure>\n<\/div>\n<\/div>\n\n<p><\/p>\n","protected":false},"excerpt":{"rendered":"<p>+31 (0)6 3473 5967+34 6886 141 84 Setek es un proveedor integral de: \u00bfLe interesa saber qu\u00e9 podemos hacer por su organizaci\u00f3n?Pongae en contacto ahora mismo. Alta calidad y versatilidad. Desde el coraz\u00f3n log\u00edstico de Europa, Setek ofrece transporte por carretera de alta calidad y gran versatilidad. El eslab\u00f3n esencial en su cadena log\u00edstica. Setek [&hellip;]<\/p>\n","protected":false},"author":1,"featured_media":0,"parent":0,"menu_order":0,"comment_status":"closed","ping_status":"closed","template":"","meta":{"inline_featured_image":false,"footnotes":""},"class_list":["post-435","page","type-page","status-publish","hentry"],"_links":{"self":[{"href":"https:\/\/seteksl.eu\/es\/wp-json\/wp\/v2\/pages\/435","targetHints":{"allow":["GET"]}}],"collection":[{"href":"https:\/\/seteksl.eu\/es\/wp-json\/wp\/v2\/pages"}],"about":[{"href":"https:\/\/seteksl.eu\/es\/wp-json\/wp\/v2\/types\/page"}],"author":[{"embeddable":true,"href":"https:\/\/seteksl.eu\/es\/wp-json\/wp\/v2\/users\/1"}],"replies":[{"embeddable":true,"href":"https:\/\/seteksl.eu\/es\/wp-json\/wp\/v2\/comments?post=435"}],"version-history":[{"count":4,"href":"https:\/\/seteksl.eu\/es\/wp-json\/wp\/v2\/pages\/435\/revisions"}],"predecessor-version":[{"id":505,"href":"https:\/\/seteksl.eu\/es\/wp-json\/wp\/v2\/pages\/435\/revisions\/505"}],"wp:attachment":[{"href":"https:\/\/seteksl.eu\/es\/wp-json\/wp\/v2\/media?parent=435"}],"curies":[{"name":"wp","href":"https:\/\/api.w.org\/{rel}","templated":true}]}}