{"id":433,"date":"2022-04-21T09:22:08","date_gmt":"2022-04-21T08:22:08","guid":{"rendered":"https:\/\/setek.iseentestversie.nl\/contacto\/"},"modified":"2026-03-11T14:49:37","modified_gmt":"2026-03-11T13:49:37","slug":"contacto","status":"publish","type":"page","link":"https:\/\/seteksl.eu\/es\/contacto\/","title":{"rendered":"Contacto"},"content":{"rendered":"\n<div class=\"wp-block-cover alignfull\" style=\"min-height:556px;aspect-ratio:unset;\"><img loading=\"lazy\" decoding=\"async\" width=\"1163\" height=\"764\" class=\"wp-block-cover__image-background wp-image-17\" alt=\"\" src=\"https:\/\/setek.iseentestversie.nl\/wp-content\/uploads\/2022\/04\/image_over_ons_white-van.jpg\" style=\"object-position:35% 67%\" data-object-fit=\"cover\" data-object-position=\"35% 67%\" srcset=\"https:\/\/seteksl.eu\/wp-content\/uploads\/2022\/04\/image_over_ons_white-van.jpg 1163w, https:\/\/seteksl.eu\/wp-content\/uploads\/2022\/04\/image_over_ons_white-van-300x197.jpg 300w, https:\/\/seteksl.eu\/wp-content\/uploads\/2022\/04\/image_over_ons_white-van-1024x673.jpg 1024w, https:\/\/seteksl.eu\/wp-content\/uploads\/2022\/04\/image_over_ons_white-van-768x505.jpg 768w\" sizes=\"auto, (max-width: 1163px) 100vw, 1163px\" \/><span aria-hidden=\"true\" class=\"wp-block-cover__background has-background-dim-0 has-background-dim\"><\/span><div class=\"wp-block-cover__inner-container is-layout-flow wp-block-cover-is-layout-flow\">\n<h2 class=\"wp-block-heading\" style=\"font-size:3rem\"><em>Contacto personal y directo<\/em><\/h2>\n<\/div><\/div>\n\n<div class=\"wp-block-columns is-layout-flex wp-container-core-columns-is-layout-28f84493 wp-block-columns-is-layout-flex\">\n<div class=\"wp-block-column is-layout-flow wp-block-column-is-layout-flow\">\n<p>Para un presupuesto r\u00e1pido o conocer el estado actual de su env\u00edo, ll\u00e1menos ahora al: <\/p>\n\n\n\n<h2 class=\"wp-block-heading red has-x-large-font-size\">+31 (0)6 3473 5967<br\/>+34 6886 141 84<\/h2>\n\n\n\n<p>Sin men\u00fas ni m\u00fasica de espera. \u00a1Contacte directamente con nuestros profesionales!<\/p>\n<\/div>\n\n\n\n<div class=\"wp-block-column is-layout-flow wp-block-column-is-layout-flow\">\n<h2 class=\"wp-block-heading\">Direcci\u00f3n<\/h2>\n\n\n\n<p>Gestion y Servicios Setek SL<br\/>Iparraguirre 20, 3D<br\/>20305 Irun<br\/>Espa\u00f1a<\/p>\n\n\n\n<p><a href=\"mailto:operations@seteksl.eu\">operations@seteksl.eu<\/a><\/p>\n<\/div>\n<\/div>\n\n<p><\/p>\n","protected":false},"excerpt":{"rendered":"<p>Para un presupuesto r\u00e1pido o conocer el estado actual de su env\u00edo, ll\u00e1menos ahora al: +31 (0)6 3473 5967+34 6886 141 84 Sin men\u00fas ni m\u00fasica de espera. \u00a1Contacte directamente con nuestros profesionales! Direcci\u00f3n Gestion y Servicios Setek SLIparraguirre 20, 3D20305 IrunEspa\u00f1a operations@seteksl.eu<\/p>\n","protected":false},"author":1,"featured_media":0,"parent":0,"menu_order":0,"comment_status":"closed","ping_status":"open","template":"","meta":{"inline_featured_image":false,"footnotes":""},"class_list":["post-433","page","type-page","status-publish","hentry"],"_links":{"self":[{"href":"https:\/\/seteksl.eu\/es\/wp-json\/wp\/v2\/pages\/433","targetHints":{"allow":["GET"]}}],"collection":[{"href":"https:\/\/seteksl.eu\/es\/wp-json\/wp\/v2\/pages"}],"about":[{"href":"https:\/\/seteksl.eu\/es\/wp-json\/wp\/v2\/types\/page"}],"author":[{"embeddable":true,"href":"https:\/\/seteksl.eu\/es\/wp-json\/wp\/v2\/users\/1"}],"replies":[{"embeddable":true,"href":"https:\/\/seteksl.eu\/es\/wp-json\/wp\/v2\/comments?post=433"}],"version-history":[{"count":2,"href":"https:\/\/seteksl.eu\/es\/wp-json\/wp\/v2\/pages\/433\/revisions"}],"predecessor-version":[{"id":482,"href":"https:\/\/seteksl.eu\/es\/wp-json\/wp\/v2\/pages\/433\/revisions\/482"}],"wp:attachment":[{"href":"https:\/\/seteksl.eu\/es\/wp-json\/wp\/v2\/media?parent=433"}],"curies":[{"name":"wp","href":"https:\/\/api.w.org\/{rel}","templated":true}]}}